{"id":347,"date":"2025-05-30T12:12:51","date_gmt":"2025-05-30T10:12:51","guid":{"rendered":"https:\/\/asblose.be\/?page_id=347"},"modified":"2025-07-10T17:02:49","modified_gmt":"2025-07-10T15:02:49","slug":"bibliotheque","status":"publish","type":"page","link":"https:\/\/asblose.be\/?page_id=347","title":{"rendered":"Biblioth\u00e8que"},"content":{"rendered":"\n<p>Retrouver des textes de th\u00e9\u00e2tre de St\u00e9phane Godard, Gaspard Theoden et Leatitia Adam, pour tous les \u00e2ges. Attention, ces textes sont mis \u00e0 votre disposition gratuitement, toute utilisation publique doit faire l&#8217;objet d&#8217;une autorisation de la SACD.<\/p>\n\n\n\n<p class=\"has-text-color has-link-color has-larger-font-size wp-elements-958f77813e60d39452d0d663fb022ae2\" style=\"color:#ffffff\">Textes pour des enfants <\/p>\n\n\n\n<div class=\"wp-block-file\"><a id=\"wp-block-file--media-02ec9d82-8513-44f8-a967-6b97eeccc055\" href=\"https:\/\/asblose.be\/wp-content\/uploads\/2025\/06\/lescape-game-1.pdf\">l&#8217;escape game<\/a><a href=\"https:\/\/asblose.be\/wp-content\/uploads\/2025\/06\/lescape-game-1.pdf\" class=\"wp-block-file__button wp-element-button\" download aria-describedby=\"wp-block-file--media-02ec9d82-8513-44f8-a967-6b97eeccc055\">T\u00e9l\u00e9charger<\/a><\/div>\n\n\n\n<div class=\"wp-block-file\"><a id=\"wp-block-file--media-7b45f61c-dc40-4240-8c0b-647129d259d6\" href=\"https:\/\/asblose.be\/wp-content\/uploads\/2025\/06\/lescape-game.pdf\">l&#8217;escape game<\/a><a href=\"https:\/\/asblose.be\/wp-content\/uploads\/2025\/06\/lescape-game.pdf\" class=\"wp-block-file__button wp-element-button\" download aria-describedby=\"wp-block-file--media-7b45f61c-dc40-4240-8c0b-647129d259d6\">T\u00e9l\u00e9charger<\/a><\/div>\n\n\n\n<div class=\"wp-block-file\"><a id=\"wp-block-file--media-f32befd9-2cc3-48fd-8527-5f597324f3a6\" href=\"https:\/\/asblose.be\/wp-content\/uploads\/2025\/05\/lautobus.pdf\">l&#8217;autobus<\/a><a href=\"https:\/\/asblose.be\/wp-content\/uploads\/2025\/05\/lautobus.pdf\" class=\"wp-block-file__button wp-element-button\" download aria-describedby=\"wp-block-file--media-f32befd9-2cc3-48fd-8527-5f597324f3a6\">T\u00e9l\u00e9charger<\/a><\/div>\n\n\n\n<div class=\"wp-block-file\"><a id=\"wp-block-file--media-60d9a58e-8ce2-4235-9338-07538f48538a\" href=\"https:\/\/asblose.be\/wp-content\/uploads\/2025\/07\/AuSecoursMesDents.pdf\">Au Secours Mes Dents<\/a><a href=\"https:\/\/asblose.be\/wp-content\/uploads\/2025\/07\/AuSecoursMesDents.pdf\" class=\"wp-block-file__button wp-element-button\" download aria-describedby=\"wp-block-file--media-60d9a58e-8ce2-4235-9338-07538f48538a\">T\u00e9l\u00e9charger<\/a><\/div>\n\n\n\n<div class=\"wp-block-file\"><a id=\"wp-block-file--media-0d5b16d8-47f9-4372-917f-bbb9411f1f41\" href=\"https:\/\/asblose.be\/wp-content\/uploads\/2025\/07\/UnVoeuPourNoel.pdf\">Un Voeu Pour Noel<\/a><a href=\"https:\/\/asblose.be\/wp-content\/uploads\/2025\/07\/UnVoeuPourNoel.pdf\" class=\"wp-block-file__button wp-element-button\" download aria-describedby=\"wp-block-file--media-0d5b16d8-47f9-4372-917f-bbb9411f1f41\">T\u00e9l\u00e9charger<\/a><\/div>\n\n\n\n<p class=\"has-text-color has-link-color has-larger-font-size wp-elements-73a27a1c0defed48f3a01d0eef0295f4\" style=\"color:#ffffff\">Textes pour les adultes<\/p>\n\n\n\n<div class=\"wp-block-file\"><a id=\"wp-block-file--media-35539306-3642-4ff4-aa83-adf0d133997c\" href=\"https:\/\/asblose.be\/wp-content\/uploads\/2025\/06\/cacahuete.pdf\">cacahu\u00e8te<\/a><a href=\"https:\/\/asblose.be\/wp-content\/uploads\/2025\/06\/cacahuete.pdf\" class=\"wp-block-file__button wp-element-button\" download aria-describedby=\"wp-block-file--media-35539306-3642-4ff4-aa83-adf0d133997c\">T\u00e9l\u00e9charger<\/a><\/div>\n\n\n\n<div class=\"wp-block-file\"><a id=\"wp-block-file--media-c1993e70-1b73-404f-b85a-c2b0e5d4e06b\" href=\"https:\/\/asblose.be\/wp-content\/uploads\/2025\/06\/la-salle-dattente.pdf\">la salle d&#8217;attente<\/a><a href=\"https:\/\/asblose.be\/wp-content\/uploads\/2025\/06\/la-salle-dattente.pdf\" class=\"wp-block-file__button wp-element-button\" download aria-describedby=\"wp-block-file--media-c1993e70-1b73-404f-b85a-c2b0e5d4e06b\">T\u00e9l\u00e9charger<\/a><\/div>\n\n\n\n<div class=\"wp-block-file\"><a id=\"wp-block-file--media-5e9267d3-741e-4322-9369-540b6a82cfc7\" href=\"https:\/\/asblose.be\/wp-content\/uploads\/2025\/06\/bonbons-et-trahison.pdf\">bonbons et trahison<\/a><a href=\"https:\/\/asblose.be\/wp-content\/uploads\/2025\/06\/bonbons-et-trahison.pdf\" class=\"wp-block-file__button wp-element-button\" download aria-describedby=\"wp-block-file--media-5e9267d3-741e-4322-9369-540b6a82cfc7\">T\u00e9l\u00e9charger<\/a><\/div>\n\n\n\n<div class=\"wp-block-file\"><a id=\"wp-block-file--media-b5fa4ba7-5081-435a-8f99-a9acda265954\" href=\"https:\/\/asblose.be\/wp-content\/uploads\/2025\/07\/LInviteSecretDeLInauguration.pdf\">L&#8217;invit\u00e9 secret de l&#8217;inauguration<\/a><a href=\"https:\/\/asblose.be\/wp-content\/uploads\/2025\/07\/LInviteSecretDeLInauguration.pdf\" class=\"wp-block-file__button wp-element-button\" download aria-describedby=\"wp-block-file--media-b5fa4ba7-5081-435a-8f99-a9acda265954\">T\u00e9l\u00e9charger<\/a><\/div>\n\n\n\n<div class=\"wp-block-file\"><a id=\"wp-block-file--media-074114fe-b251-4324-a692-b9321d1a5d26\" href=\"https:\/\/asblose.be\/wp-content\/uploads\/2025\/07\/UnHeritageEnPagaille.pdf\">Un Heritage En Pagaille<\/a><a href=\"https:\/\/asblose.be\/wp-content\/uploads\/2025\/07\/UnHeritageEnPagaille.pdf\" class=\"wp-block-file__button wp-element-button\" download aria-describedby=\"wp-block-file--media-074114fe-b251-4324-a692-b9321d1a5d26\">T\u00e9l\u00e9charger<\/a><\/div>\n\n\n\n<p><\/p>\n","protected":false},"excerpt":{"rendered":"<p>Retrouver des textes de th\u00e9\u00e2tre de St\u00e9phane Godard, Gaspard Theoden et Leatitia Adam, pour tous les \u00e2ges. Attention, ces textes sont mis \u00e0 votre disposition gratuitement, toute utilisation publique doit faire l&#8217;objet d&#8217;une autorisation de la SACD. Textes pour des enfants Textes pour les adultes<\/p>\n","protected":false},"author":1,"featured_media":0,"parent":0,"menu_order":0,"comment_status":"closed","ping_status":"closed","template":"","meta":{"footnotes":""},"class_list":["post-347","page","type-page","status-publish","hentry"],"_links":{"self":[{"href":"https:\/\/asblose.be\/index.php?rest_route=\/wp\/v2\/pages\/347","targetHints":{"allow":["GET"]}}],"collection":[{"href":"https:\/\/asblose.be\/index.php?rest_route=\/wp\/v2\/pages"}],"about":[{"href":"https:\/\/asblose.be\/index.php?rest_route=\/wp\/v2\/types\/page"}],"author":[{"embeddable":true,"href":"https:\/\/asblose.be\/index.php?rest_route=\/wp\/v2\/users\/1"}],"replies":[{"embeddable":true,"href":"https:\/\/asblose.be\/index.php?rest_route=%2Fwp%2Fv2%2Fcomments&post=347"}],"version-history":[{"count":11,"href":"https:\/\/asblose.be\/index.php?rest_route=\/wp\/v2\/pages\/347\/revisions"}],"predecessor-version":[{"id":379,"href":"https:\/\/asblose.be\/index.php?rest_route=\/wp\/v2\/pages\/347\/revisions\/379"}],"wp:attachment":[{"href":"https:\/\/asblose.be\/index.php?rest_route=%2Fwp%2Fv2%2Fmedia&parent=347"}],"curies":[{"name":"wp","href":"https:\/\/api.w.org\/{rel}","templated":true}]}}