{"id":279,"date":"2025-01-10T13:11:03","date_gmt":"2025-01-10T12:11:03","guid":{"rendered":"https:\/\/asblose.be\/?page_id=279"},"modified":"2025-01-10T13:11:03","modified_gmt":"2025-01-10T12:11:03","slug":"les-ateliers","status":"publish","type":"page","link":"https:\/\/asblose.be\/?page_id=279","title":{"rendered":"Les ateliers"},"content":{"rendered":"\n<p class=\"has-text-color has-link-color wp-elements-99a75fbf3f0f137eb8d763cb6e1e4227\" style=\"color:#fef8f8\">OSE se d\u00e9place aussi dans les \u00e9coles, les associations, mouvement de jeunesse, les ain\u00e9s, les h\u00f4pitaux,&#8230; partout o\u00f9 le th\u00e9\u00e2tre est possible.  <br>Vous \u00eates int\u00e9ress\u00e9s? <br>Contactez OSE, nous discutons ensemble de la finalit\u00e9 des ateliers, de la faisabilit\u00e9, du th\u00e8me et je r\u00e9alise un devis sur mesure.<br>Une fois le devis accept\u00e9, on programme l&#8217;atelier et c&#8217;est parti pour des heures de bonne humeur et de th\u00e9\u00e2tre.<br>info@asbleose.be<\/p>\n\n\n\n<p><\/p>\n","protected":false},"excerpt":{"rendered":"<p>OSE se d\u00e9place aussi dans les \u00e9coles, les associations, mouvement de jeunesse, les ain\u00e9s, les h\u00f4pitaux,&#8230; partout o\u00f9 le th\u00e9\u00e2tre est possible. Vous \u00eates int\u00e9ress\u00e9s? Contactez OSE, nous discutons ensemble de la finalit\u00e9 des ateliers, de la faisabilit\u00e9, du th\u00e8me et je r\u00e9alise un devis sur mesure.Une fois le devis accept\u00e9, on programme l&#8217;atelier et [&hellip;]<\/p>\n","protected":false},"author":1,"featured_media":0,"parent":0,"menu_order":0,"comment_status":"closed","ping_status":"closed","template":"","meta":{"footnotes":""},"class_list":["post-279","page","type-page","status-publish","hentry"],"_links":{"self":[{"href":"https:\/\/asblose.be\/index.php?rest_route=\/wp\/v2\/pages\/279","targetHints":{"allow":["GET"]}}],"collection":[{"href":"https:\/\/asblose.be\/index.php?rest_route=\/wp\/v2\/pages"}],"about":[{"href":"https:\/\/asblose.be\/index.php?rest_route=\/wp\/v2\/types\/page"}],"author":[{"embeddable":true,"href":"https:\/\/asblose.be\/index.php?rest_route=\/wp\/v2\/users\/1"}],"replies":[{"embeddable":true,"href":"https:\/\/asblose.be\/index.php?rest_route=%2Fwp%2Fv2%2Fcomments&post=279"}],"version-history":[{"count":1,"href":"https:\/\/asblose.be\/index.php?rest_route=\/wp\/v2\/pages\/279\/revisions"}],"predecessor-version":[{"id":280,"href":"https:\/\/asblose.be\/index.php?rest_route=\/wp\/v2\/pages\/279\/revisions\/280"}],"wp:attachment":[{"href":"https:\/\/asblose.be\/index.php?rest_route=%2Fwp%2Fv2%2Fmedia&parent=279"}],"curies":[{"name":"wp","href":"https:\/\/api.w.org\/{rel}","templated":true}]}}