{"id":2,"date":"2024-12-06T15:46:32","date_gmt":"2024-12-06T14:46:32","guid":{"rendered":"http:\/\/asblose.be\/?page_id=2"},"modified":"2024-12-19T21:13:40","modified_gmt":"2024-12-19T20:13:40","slug":"page-d-exemple","status":"publish","type":"page","link":"https:\/\/asblose.be\/?page_id=2","title":{"rendered":"Les cours"},"content":{"rendered":"\n<p class=\"has-text-color has-link-color wp-elements-7738cfdfead3610bd43ed60c182c5da2\" style=\"color:#ffffff\">La principale activit\u00e9 de OSE est l&#8217;organisation de cours de th\u00e9\u00e2tre. <br><br>Les objectifs sont : <br> * Apprendre des techniques de jeu<br> * Connaitre les codes du th\u00e9\u00e2tre<br> * Augmenter la confiance en soi<br> * Apprendre \u00e0 r\u00e9citer un texte<br> * La gestion des \u00e9motions <br> * Se d\u00e9passer, sortir de sa zone de confort, vaincre sa peur de parler en public, coop\u00e9rer<br><\/p>\n\n\n\n<p class=\"has-text-color has-link-color has-normal-font-size wp-elements-d8fcef2afe13db5c49df5256b2f66c1f\" style=\"color:#fefefe\">Actuellement, les cours les cours se d\u00e9roulent le lundi, mercredi et samedi matin. Il n&#8217;est jamais trop tard pour faire du th\u00e9\u00e2tre, n&#8217;h\u00e9sitez pas. Si vous voulez vous essayer le premier cours est <strong>gratuit<\/strong>. Les \u00e9l\u00e8ves sont regroup\u00e9s en 4 groupes de maximum 10 personnes. Il y a toujours la possibilit\u00e9 de d\u00e9doubler en cas de forte demande. <br> <br> * Enfants de 2\u00e8me primaire \u00e0 4\u00e8me primaire<br> * Enfants de 5\u00e8me primaire \u00e0 2\u00e8me secondaire<br> * Ados de 3\u00e8me secondaire \u00e0 6\u00e8me secondaire<br> * Adultes <br><br>Un spectacle de fin d&#8217;ann\u00e9e est organis\u00e9e au P&#8217;tit th\u00e9\u00e2tre et chaque groupe pr\u00e9sente le travail r\u00e9alis\u00e9 au cours de l&#8217;ann\u00e9e. Dans des conditions professionnelles avec d\u00e9cors, maquillage, musique et lumi\u00e8res.<br><\/p>\n\n\n<div class=\"wp-block-image\">\n<figure class=\"aligncenter size-large is-resized\"><img loading=\"lazy\" decoding=\"async\" width=\"1024\" height=\"683\" src=\"https:\/\/asblose.be\/wp-content\/uploads\/2024\/12\/DSC_0141-1024x683.jpg\" alt=\"\" class=\"wp-image-145\" style=\"width:475px;height:auto\" srcset=\"https:\/\/asblose.be\/wp-content\/uploads\/2024\/12\/DSC_0141-1024x683.jpg 1024w, https:\/\/asblose.be\/wp-content\/uploads\/2024\/12\/DSC_0141-300x200.jpg 300w, https:\/\/asblose.be\/wp-content\/uploads\/2024\/12\/DSC_0141-768x512.jpg 768w, https:\/\/asblose.be\/wp-content\/uploads\/2024\/12\/DSC_0141-1536x1024.jpg 1536w, https:\/\/asblose.be\/wp-content\/uploads\/2024\/12\/DSC_0141-2048x1365.jpg 2048w, https:\/\/asblose.be\/wp-content\/uploads\/2024\/12\/DSC_0141-1200x800.jpg 1200w, https:\/\/asblose.be\/wp-content\/uploads\/2024\/12\/DSC_0141-1980x1320.jpg 1980w\" sizes=\"auto, (max-width: 1024px) 100vw, 1024px\" \/><\/figure>\n<\/div>\n\n<div class=\"wp-block-image\">\n<figure class=\"aligncenter size-large is-resized\"><img loading=\"lazy\" decoding=\"async\" width=\"1024\" height=\"683\" src=\"https:\/\/asblose.be\/wp-content\/uploads\/2024\/12\/DSC_0001-1024x683.jpg\" alt=\"\" class=\"wp-image-144\" style=\"width:474px;height:auto\" srcset=\"https:\/\/asblose.be\/wp-content\/uploads\/2024\/12\/DSC_0001-1024x683.jpg 1024w, https:\/\/asblose.be\/wp-content\/uploads\/2024\/12\/DSC_0001-300x200.jpg 300w, https:\/\/asblose.be\/wp-content\/uploads\/2024\/12\/DSC_0001-768x512.jpg 768w, https:\/\/asblose.be\/wp-content\/uploads\/2024\/12\/DSC_0001-1536x1024.jpg 1536w, https:\/\/asblose.be\/wp-content\/uploads\/2024\/12\/DSC_0001-2048x1365.jpg 2048w, https:\/\/asblose.be\/wp-content\/uploads\/2024\/12\/DSC_0001-1200x800.jpg 1200w, https:\/\/asblose.be\/wp-content\/uploads\/2024\/12\/DSC_0001-1980x1320.jpg 1980w\" sizes=\"auto, (max-width: 1024px) 100vw, 1024px\" \/><\/figure>\n<\/div>\n\n<div class=\"wp-block-image\">\n<figure class=\"aligncenter size-large is-resized\"><img loading=\"lazy\" decoding=\"async\" width=\"1024\" height=\"683\" src=\"https:\/\/asblose.be\/wp-content\/uploads\/2024\/12\/DSC_0062-1024x683.jpg\" alt=\"\" class=\"wp-image-146\" style=\"width:481px;height:auto\" srcset=\"https:\/\/asblose.be\/wp-content\/uploads\/2024\/12\/DSC_0062-1024x683.jpg 1024w, https:\/\/asblose.be\/wp-content\/uploads\/2024\/12\/DSC_0062-300x200.jpg 300w, https:\/\/asblose.be\/wp-content\/uploads\/2024\/12\/DSC_0062-768x512.jpg 768w, https:\/\/asblose.be\/wp-content\/uploads\/2024\/12\/DSC_0062-1536x1024.jpg 1536w, https:\/\/asblose.be\/wp-content\/uploads\/2024\/12\/DSC_0062-2048x1365.jpg 2048w, https:\/\/asblose.be\/wp-content\/uploads\/2024\/12\/DSC_0062-1200x800.jpg 1200w, https:\/\/asblose.be\/wp-content\/uploads\/2024\/12\/DSC_0062-1980x1320.jpg 1980w\" sizes=\"auto, (max-width: 1024px) 100vw, 1024px\" \/><\/figure>\n<\/div>\n\n<div class=\"wp-block-image\">\n<figure class=\"aligncenter size-large is-resized\"><img loading=\"lazy\" decoding=\"async\" width=\"1024\" height=\"683\" src=\"https:\/\/asblose.be\/wp-content\/uploads\/2024\/12\/DSC_0127-1024x683.jpg\" alt=\"\" class=\"wp-image-148\" style=\"width:492px;height:auto\" srcset=\"https:\/\/asblose.be\/wp-content\/uploads\/2024\/12\/DSC_0127-1024x683.jpg 1024w, https:\/\/asblose.be\/wp-content\/uploads\/2024\/12\/DSC_0127-300x200.jpg 300w, https:\/\/asblose.be\/wp-content\/uploads\/2024\/12\/DSC_0127-768x512.jpg 768w, https:\/\/asblose.be\/wp-content\/uploads\/2024\/12\/DSC_0127-1536x1024.jpg 1536w, https:\/\/asblose.be\/wp-content\/uploads\/2024\/12\/DSC_0127-2048x1365.jpg 2048w, https:\/\/asblose.be\/wp-content\/uploads\/2024\/12\/DSC_0127-1200x800.jpg 1200w, https:\/\/asblose.be\/wp-content\/uploads\/2024\/12\/DSC_0127-1980x1320.jpg 1980w\" sizes=\"auto, (max-width: 1024px) 100vw, 1024px\" \/><\/figure>\n<\/div>\n\n<div class=\"wp-block-image\">\n<figure class=\"aligncenter size-large is-resized\"><img loading=\"lazy\" decoding=\"async\" width=\"1024\" height=\"683\" src=\"https:\/\/asblose.be\/wp-content\/uploads\/2024\/12\/DSC_0042-1024x683.jpg\" alt=\"\" class=\"wp-image-147\" style=\"width:500px;height:auto\" srcset=\"https:\/\/asblose.be\/wp-content\/uploads\/2024\/12\/DSC_0042-1024x683.jpg 1024w, https:\/\/asblose.be\/wp-content\/uploads\/2024\/12\/DSC_0042-300x200.jpg 300w, https:\/\/asblose.be\/wp-content\/uploads\/2024\/12\/DSC_0042-768x512.jpg 768w, https:\/\/asblose.be\/wp-content\/uploads\/2024\/12\/DSC_0042-1536x1024.jpg 1536w, https:\/\/asblose.be\/wp-content\/uploads\/2024\/12\/DSC_0042-2048x1365.jpg 2048w, https:\/\/asblose.be\/wp-content\/uploads\/2024\/12\/DSC_0042-1200x800.jpg 1200w, https:\/\/asblose.be\/wp-content\/uploads\/2024\/12\/DSC_0042-1980x1320.jpg 1980w\" sizes=\"auto, (max-width: 1024px) 100vw, 1024px\" \/><\/figure>\n<\/div>\n\n<div class=\"wp-block-image\">\n<figure class=\"aligncenter size-large is-resized\"><img loading=\"lazy\" decoding=\"async\" width=\"1024\" height=\"683\" src=\"https:\/\/asblose.be\/wp-content\/uploads\/2024\/12\/DSC_0024-1024x683.jpg\" alt=\"\" class=\"wp-image-149\" style=\"width:506px;height:auto\" srcset=\"https:\/\/asblose.be\/wp-content\/uploads\/2024\/12\/DSC_0024-1024x683.jpg 1024w, https:\/\/asblose.be\/wp-content\/uploads\/2024\/12\/DSC_0024-300x200.jpg 300w, https:\/\/asblose.be\/wp-content\/uploads\/2024\/12\/DSC_0024-768x512.jpg 768w, https:\/\/asblose.be\/wp-content\/uploads\/2024\/12\/DSC_0024-1536x1024.jpg 1536w, https:\/\/asblose.be\/wp-content\/uploads\/2024\/12\/DSC_0024-2048x1365.jpg 2048w, https:\/\/asblose.be\/wp-content\/uploads\/2024\/12\/DSC_0024-1200x800.jpg 1200w, https:\/\/asblose.be\/wp-content\/uploads\/2024\/12\/DSC_0024-1980x1320.jpg 1980w\" sizes=\"auto, (max-width: 1024px) 100vw, 1024px\" \/><\/figure>\n<\/div>\n\n<div class=\"wp-block-image\">\n<figure class=\"aligncenter size-large is-resized\"><img loading=\"lazy\" decoding=\"async\" width=\"1024\" height=\"683\" src=\"https:\/\/asblose.be\/wp-content\/uploads\/2024\/12\/DSC_0019-1024x683.jpg\" alt=\"\" class=\"wp-image-150\" style=\"width:518px;height:auto\" srcset=\"https:\/\/asblose.be\/wp-content\/uploads\/2024\/12\/DSC_0019-1024x683.jpg 1024w, https:\/\/asblose.be\/wp-content\/uploads\/2024\/12\/DSC_0019-300x200.jpg 300w, https:\/\/asblose.be\/wp-content\/uploads\/2024\/12\/DSC_0019-768x512.jpg 768w, https:\/\/asblose.be\/wp-content\/uploads\/2024\/12\/DSC_0019-1536x1024.jpg 1536w, https:\/\/asblose.be\/wp-content\/uploads\/2024\/12\/DSC_0019-2048x1365.jpg 2048w, https:\/\/asblose.be\/wp-content\/uploads\/2024\/12\/DSC_0019-1200x800.jpg 1200w, https:\/\/asblose.be\/wp-content\/uploads\/2024\/12\/DSC_0019-1980x1320.jpg 1980w\" sizes=\"auto, (max-width: 1024px) 100vw, 1024px\" \/><\/figure>\n<\/div>\n\n\n<p><\/p>\n","protected":false},"excerpt":{"rendered":"<p>La principale activit\u00e9 de OSE est l&#8217;organisation de cours de th\u00e9\u00e2tre. Les objectifs sont : * Apprendre des techniques de jeu * Connaitre les codes du th\u00e9\u00e2tre * Augmenter la confiance en soi * Apprendre \u00e0 r\u00e9citer un texte * La gestion des \u00e9motions * Se d\u00e9passer, sortir de sa zone de confort, vaincre sa [&hellip;]<\/p>\n","protected":false},"author":1,"featured_media":0,"parent":0,"menu_order":0,"comment_status":"closed","ping_status":"open","template":"","meta":{"footnotes":""},"class_list":["post-2","page","type-page","status-publish","hentry"],"_links":{"self":[{"href":"https:\/\/asblose.be\/index.php?rest_route=\/wp\/v2\/pages\/2","targetHints":{"allow":["GET"]}}],"collection":[{"href":"https:\/\/asblose.be\/index.php?rest_route=\/wp\/v2\/pages"}],"about":[{"href":"https:\/\/asblose.be\/index.php?rest_route=\/wp\/v2\/types\/page"}],"author":[{"embeddable":true,"href":"https:\/\/asblose.be\/index.php?rest_route=\/wp\/v2\/users\/1"}],"replies":[{"embeddable":true,"href":"https:\/\/asblose.be\/index.php?rest_route=%2Fwp%2Fv2%2Fcomments&post=2"}],"version-history":[{"count":7,"href":"https:\/\/asblose.be\/index.php?rest_route=\/wp\/v2\/pages\/2\/revisions"}],"predecessor-version":[{"id":163,"href":"https:\/\/asblose.be\/index.php?rest_route=\/wp\/v2\/pages\/2\/revisions\/163"}],"wp:attachment":[{"href":"https:\/\/asblose.be\/index.php?rest_route=%2Fwp%2Fv2%2Fmedia&parent=2"}],"curies":[{"name":"wp","href":"https:\/\/api.w.org\/{rel}","templated":true}]}}