{"id":13,"date":"2024-12-06T20:53:57","date_gmt":"2024-12-06T19:53:57","guid":{"rendered":"https:\/\/asblose.be\/?page_id=13"},"modified":"2026-01-14T10:21:05","modified_gmt":"2026-01-14T09:21:05","slug":"evenements","status":"publish","type":"page","link":"https:\/\/asblose.be\/?page_id=13","title":{"rendered":"Ev\u00e8nements"},"content":{"rendered":"\n<p class=\"has-text-color has-link-color has-normal-font-size wp-elements-0efa5338ab0fa777a894c568e07625b0\" style=\"color:#fefefe\">Les prochains \u00e9v\u00e9nements organis\u00e9s avec ou par OSE ASBL:<br>Pour les r\u00e9servations <a href=\"mailto:info@asblose.be\">info@as<\/a>blose.be<\/p>\n\n\n\n<p class=\"has-text-align-left has-text-color has-link-color wp-elements-8df4474366d30bb0c2341eb5c2c87177\" style=\"color:#ffffff\"><\/p>\n\n\n\n<figure class=\"wp-block-gallery has-nested-images columns-default is-cropped wp-block-gallery-1 is-layout-flex wp-block-gallery-is-layout-flex\">\n<figure class=\"wp-block-image size-large\"><img loading=\"lazy\" decoding=\"async\" width=\"724\" height=\"1024\" data-id=\"422\" src=\"https:\/\/asblose.be\/wp-content\/uploads\/2026\/01\/la-CACAHUETE-21-724x1024.png\" alt=\"\" class=\"wp-image-422\" srcset=\"https:\/\/asblose.be\/wp-content\/uploads\/2026\/01\/la-CACAHUETE-21-724x1024.png 724w, https:\/\/asblose.be\/wp-content\/uploads\/2026\/01\/la-CACAHUETE-21-212x300.png 212w, https:\/\/asblose.be\/wp-content\/uploads\/2026\/01\/la-CACAHUETE-21-768x1086.png 768w, https:\/\/asblose.be\/wp-content\/uploads\/2026\/01\/la-CACAHUETE-21-1086x1536.png 1086w, https:\/\/asblose.be\/wp-content\/uploads\/2026\/01\/la-CACAHUETE-21-1448x2048.png 1448w, https:\/\/asblose.be\/wp-content\/uploads\/2026\/01\/la-CACAHUETE-21-1200x1698.png 1200w, https:\/\/asblose.be\/wp-content\/uploads\/2026\/01\/la-CACAHUETE-21.png 1587w\" sizes=\"auto, (max-width: 724px) 100vw, 724px\" \/><\/figure>\n<\/figure>\n\n\n\n<p class=\"has-text-color has-link-color wp-elements-b0ab0fc80593eb07818e6a71257b9c9a\" style=\"color:#ffffff\">Spectacle Avignon 2026.  La cacahu\u00e8te une pi\u00e8ce de Gaspard Th\u00e9oden<\/p>\n\n\n\n<p><\/p>\n","protected":false},"excerpt":{"rendered":"<p>Les prochains \u00e9v\u00e9nements organis\u00e9s avec ou par OSE ASBL:Pour les r\u00e9servations info@asblose.be Spectacle Avignon 2026. La cacahu\u00e8te une pi\u00e8ce de Gaspard Th\u00e9oden<\/p>\n","protected":false},"author":1,"featured_media":0,"parent":0,"menu_order":0,"comment_status":"closed","ping_status":"closed","template":"","meta":{"footnotes":""},"class_list":["post-13","page","type-page","status-publish","hentry"],"_links":{"self":[{"href":"https:\/\/asblose.be\/index.php?rest_route=\/wp\/v2\/pages\/13","targetHints":{"allow":["GET"]}}],"collection":[{"href":"https:\/\/asblose.be\/index.php?rest_route=\/wp\/v2\/pages"}],"about":[{"href":"https:\/\/asblose.be\/index.php?rest_route=\/wp\/v2\/types\/page"}],"author":[{"embeddable":true,"href":"https:\/\/asblose.be\/index.php?rest_route=\/wp\/v2\/users\/1"}],"replies":[{"embeddable":true,"href":"https:\/\/asblose.be\/index.php?rest_route=%2Fwp%2Fv2%2Fcomments&post=13"}],"version-history":[{"count":17,"href":"https:\/\/asblose.be\/index.php?rest_route=\/wp\/v2\/pages\/13\/revisions"}],"predecessor-version":[{"id":423,"href":"https:\/\/asblose.be\/index.php?rest_route=\/wp\/v2\/pages\/13\/revisions\/423"}],"wp:attachment":[{"href":"https:\/\/asblose.be\/index.php?rest_route=%2Fwp%2Fv2%2Fmedia&parent=13"}],"curies":[{"name":"wp","href":"https:\/\/api.w.org\/{rel}","templated":true}]}}