{"id":114,"date":"2024-12-12T14:20:52","date_gmt":"2024-12-12T13:20:52","guid":{"rendered":"https:\/\/asblose.be\/?page_id=114"},"modified":"2026-03-18T17:36:36","modified_gmt":"2026-03-18T16:36:36","slug":"boutique","status":"publish","type":"page","link":"https:\/\/asblose.be\/?page_id=114","title":{"rendered":"Boutique"},"content":{"rendered":"\n<p class=\"has-text-color has-link-color wp-elements-e70060112b1a12a703c9446b737c4d6b\" style=\"color:#ffffff\">Trouvez ici tous les objets, livres OSE. N&#8217;h\u00e9sitez pas \u00e0 commander, \u00e7a permet de soutenir l&#8217;ASBL et la culture.<br>Pour commander, merci d&#8217;envoyer un mail \u00e0 <a href=\"info@asblose.be\" data-type=\"link\" data-id=\"info@asblose.be\">info@asblose.be<\/a> <\/p>\n\n\n\n<p class=\"has-text-color has-link-color wp-elements-b8c9754925941765306ed85f55b060e4\" style=\"color:#ffffff\">&#8220;Gaume sur sc\u00e8nes, l\u00e0 o\u00f9 les l\u00e9gendes prennent vie.&#8221; Recueil de pi\u00e8ces de th\u00e9\u00e2tre inspir\u00e9es des contes et l\u00e9gendes de Gaume. Ed: OSE ASBL<br>Auteur: St\u00e9phane Godard<br>Illustrations: La\u00efs Arquin<br>Prix: 12 \u20ac hors frais de livraison.<\/p>\n\n\n<div class=\"wp-block-image\">\n<figure class=\"aligncenter size-large is-resized\"><img loading=\"lazy\" decoding=\"async\" width=\"721\" height=\"1024\" src=\"https:\/\/asblose.be\/wp-content\/uploads\/2024\/12\/a5-721x1024.png\" alt=\"\" class=\"wp-image-121\" style=\"width:229px;height:auto\" srcset=\"https:\/\/asblose.be\/wp-content\/uploads\/2024\/12\/a5-721x1024.png 721w, https:\/\/asblose.be\/wp-content\/uploads\/2024\/12\/a5-211x300.png 211w, https:\/\/asblose.be\/wp-content\/uploads\/2024\/12\/a5-768x1090.png 768w, https:\/\/asblose.be\/wp-content\/uploads\/2024\/12\/a5-1082x1536.png 1082w, https:\/\/asblose.be\/wp-content\/uploads\/2024\/12\/a5-1200x1703.png 1200w, https:\/\/asblose.be\/wp-content\/uploads\/2024\/12\/a5.png 1409w\" sizes=\"auto, (max-width: 721px) 100vw, 721px\" \/><\/figure>\n<\/div>\n\n\n<p class=\"has-text-color has-link-color wp-elements-1a836fc0a88e05806f89a6bb24531ece\" style=\"color:#ffffff\">&#8220;Les fables se font la sc\u00e8ne&#8221; est une adaptation de 7 fables de La Fontaine pour les enfants, les \u00e9coles ou en famille. Pour commander: www.asblose.be<br>20\u20ac livre en couleurs hors frais de livraison.<\/p>\n\n\n<div class=\"wp-block-image\">\n<figure class=\"aligncenter size-large is-resized\"><img loading=\"lazy\" decoding=\"async\" width=\"722\" height=\"1024\" src=\"http:\/\/asblose.be\/wp-content\/uploads\/2025\/07\/Couverture-finale-722x1024.png\" alt=\"\" class=\"wp-image-385\" style=\"width:214px;height:auto\" srcset=\"https:\/\/asblose.be\/wp-content\/uploads\/2025\/07\/Couverture-finale-722x1024.png 722w, https:\/\/asblose.be\/wp-content\/uploads\/2025\/07\/Couverture-finale-212x300.png 212w, https:\/\/asblose.be\/wp-content\/uploads\/2025\/07\/Couverture-finale-768x1089.png 768w, https:\/\/asblose.be\/wp-content\/uploads\/2025\/07\/Couverture-finale-1083x1536.png 1083w, https:\/\/asblose.be\/wp-content\/uploads\/2025\/07\/Couverture-finale-1200x1702.png 1200w, https:\/\/asblose.be\/wp-content\/uploads\/2025\/07\/Couverture-finale.png 1410w\" sizes=\"auto, (max-width: 722px) 100vw, 722px\" \/><\/figure>\n<\/div>","protected":false},"excerpt":{"rendered":"<p>Trouvez ici tous les objets, livres OSE. N&#8217;h\u00e9sitez pas \u00e0 commander, \u00e7a permet de soutenir l&#8217;ASBL et la culture.Pour commander, merci d&#8217;envoyer un mail \u00e0 info@asblose.be &#8220;Gaume sur sc\u00e8nes, l\u00e0 o\u00f9 les l\u00e9gendes prennent vie.&#8221; Recueil de pi\u00e8ces de th\u00e9\u00e2tre inspir\u00e9es des contes et l\u00e9gendes de Gaume. Ed: OSE ASBLAuteur: St\u00e9phane GodardIllustrations: La\u00efs ArquinPrix: 12 [&hellip;]<\/p>\n","protected":false},"author":1,"featured_media":0,"parent":0,"menu_order":0,"comment_status":"closed","ping_status":"closed","template":"","meta":{"footnotes":""},"class_list":["post-114","page","type-page","status-publish","hentry"],"_links":{"self":[{"href":"https:\/\/asblose.be\/index.php?rest_route=\/wp\/v2\/pages\/114","targetHints":{"allow":["GET"]}}],"collection":[{"href":"https:\/\/asblose.be\/index.php?rest_route=\/wp\/v2\/pages"}],"about":[{"href":"https:\/\/asblose.be\/index.php?rest_route=\/wp\/v2\/types\/page"}],"author":[{"embeddable":true,"href":"https:\/\/asblose.be\/index.php?rest_route=\/wp\/v2\/users\/1"}],"replies":[{"embeddable":true,"href":"https:\/\/asblose.be\/index.php?rest_route=%2Fwp%2Fv2%2Fcomments&post=114"}],"version-history":[{"count":9,"href":"https:\/\/asblose.be\/index.php?rest_route=\/wp\/v2\/pages\/114\/revisions"}],"predecessor-version":[{"id":431,"href":"https:\/\/asblose.be\/index.php?rest_route=\/wp\/v2\/pages\/114\/revisions\/431"}],"wp:attachment":[{"href":"https:\/\/asblose.be\/index.php?rest_route=%2Fwp%2Fv2%2Fmedia&parent=114"}],"curies":[{"name":"wp","href":"https:\/\/api.w.org\/{rel}","templated":true}]}}