{"id":108,"date":"2024-12-12T11:29:09","date_gmt":"2024-12-12T10:29:09","guid":{"rendered":"https:\/\/asblose.be\/?page_id=108"},"modified":"2026-01-14T10:25:57","modified_gmt":"2026-01-14T09:25:57","slug":"les-projets-en-cours","status":"publish","type":"page","link":"https:\/\/asblose.be\/?page_id=108","title":{"rendered":"Les projets en cours"},"content":{"rendered":"\n<p class=\"has-text-color has-link-color wp-elements-e33fb297045a74d65b52cc3a17315e5e\" style=\"color:#ffffff\">Vous trouverez sur cette page tous les projets \u00e0 venir organis\u00e9s par OSE ou en partenariat avec une autre association. <br><br>En 2026 il y aura:<br>* 28 f\u00e9vrier: le cacahu\u00e8te au P&#8217;tit th\u00e9\u00e2tre \u00e0 Ethe<br>* 6 mars: La cacahu\u00e8te \u00e0 la maison de la culture d&#8217;Arlon<br>* 11 avril: soir\u00e9e blind test<br>* 17-18 avril: la cacahu\u00e8te \u00e0 la salle l&#8217;antarctique de Gomery<br>* 5-6 juin 2 soir\u00e9es de pr\u00e9sentation des \u00e9l\u00e8ves de l&#8217;\u00e9cole de th\u00e9\u00e2tre OSE.<br>* du 4 au 25 juillet participation au festival d&#8217;Avignon.<br>* 3 stages de th\u00e9\u00e2tre pour enfants.<br>* 27 septembre: spectacle musical au Rox de Rouvroy.<br>* 19 d\u00e9cembre: soir\u00e9e de No\u00ebl<br><\/p>\n","protected":false},"excerpt":{"rendered":"<p>Vous trouverez sur cette page tous les projets \u00e0 venir organis\u00e9s par OSE ou en partenariat avec une autre association. En 2026 il y aura:* 28 f\u00e9vrier: le cacahu\u00e8te au P&#8217;tit th\u00e9\u00e2tre \u00e0 Ethe* 6 mars: La cacahu\u00e8te \u00e0 la maison de la culture d&#8217;Arlon* 11 avril: soir\u00e9e blind test* 17-18 avril: la cacahu\u00e8te \u00e0 [&hellip;]<\/p>\n","protected":false},"author":1,"featured_media":0,"parent":0,"menu_order":0,"comment_status":"closed","ping_status":"closed","template":"","meta":{"footnotes":""},"class_list":["post-108","page","type-page","status-publish","hentry"],"_links":{"self":[{"href":"https:\/\/asblose.be\/index.php?rest_route=\/wp\/v2\/pages\/108","targetHints":{"allow":["GET"]}}],"collection":[{"href":"https:\/\/asblose.be\/index.php?rest_route=\/wp\/v2\/pages"}],"about":[{"href":"https:\/\/asblose.be\/index.php?rest_route=\/wp\/v2\/types\/page"}],"author":[{"embeddable":true,"href":"https:\/\/asblose.be\/index.php?rest_route=\/wp\/v2\/users\/1"}],"replies":[{"embeddable":true,"href":"https:\/\/asblose.be\/index.php?rest_route=%2Fwp%2Fv2%2Fcomments&post=108"}],"version-history":[{"count":7,"href":"https:\/\/asblose.be\/index.php?rest_route=\/wp\/v2\/pages\/108\/revisions"}],"predecessor-version":[{"id":425,"href":"https:\/\/asblose.be\/index.php?rest_route=\/wp\/v2\/pages\/108\/revisions\/425"}],"wp:attachment":[{"href":"https:\/\/asblose.be\/index.php?rest_route=%2Fwp%2Fv2%2Fmedia&parent=108"}],"curies":[{"name":"wp","href":"https:\/\/api.w.org\/{rel}","templated":true}]}}