{"id":10,"date":"2024-12-06T20:52:40","date_gmt":"2024-12-06T19:52:40","guid":{"rendered":"https:\/\/asblose.be\/?page_id=10"},"modified":"2024-12-12T18:53:01","modified_gmt":"2024-12-12T17:53:01","slug":"lasbl-ose","status":"publish","type":"page","link":"https:\/\/asblose.be\/?page_id=10","title":{"rendered":"L&#8217;asbl OSE"},"content":{"rendered":"\n<p class=\"has-text-color has-link-color has-small-font-size wp-elements-537206adbed6d47a657191d4cee0aab1\" style=\"color:#fefefe\">L&#8217;asbl OSE a vu le jour le 10 f\u00e9vrier 2022. D&#8217;abord situ\u00e9 \u00e0 Ethe, l&#8217;ASBL OSE a d\u00e9m\u00e9nag\u00e9 \u00e0 Virton dans la Grand rue. <br>Le but de cette ASBL est de promouvoir le th\u00e9\u00e2tre dans la r\u00e9gion \u00e0 travers l&#8217;organisation de cours, de stages, d&#8217;ateliers dans les \u00e9coles et de spectacles.<br>Mais pourquoi &#8220;OSE&#8221;?<br> La plus grande difficult\u00e9 au th\u00e9\u00e2tre c&#8217;est de OSER monter sur une sc\u00e8ne.  Le premier pas est le plus compliqu\u00e9.  <br><br>Elle organise des cours de th\u00e9\u00e2tre pour les enfants \u00e0 partir de la deuxi\u00e8me primaire jusqu&#8217;aux adultes sans limite d&#8217;\u00e2ge. Sachez qu&#8217;il n&#8217;est jamais trop tard pour se mettre au th\u00e9\u00e2tre. Ose a commenc\u00e9 avec 27 \u00e9l\u00e8ves la premi\u00e8re ann\u00e9e et elle compte cette ann\u00e9e scolaire 2024-2025 jusqu&#8217;\u00e0 48 \u00e9l\u00e8ves. L&#8217;ann\u00e9e se termine par une repr\u00e9sentation du travail effectu\u00e9 lors d&#8217;un week-end sp\u00e9cial. Les cours se donnent au local OSE \u00e0 Virton et le spectacle de fin d&#8217;ann\u00e9e, se d\u00e9roule \u00e0 Ethe au &#8220;P&#8217;tit Th\u00e9\u00e2tre&#8221;.<br><br>En plus de ces cours, elle programme au minimum 3 stages sur l&#8217;ann\u00e9e. G\u00e9n\u00e9ralement pour les enfants, ces stages proposent une semaine de travail sur un th\u00e8me et une repr\u00e9sentation en famille lors du dernier jour. Les l\u00e9gendes gaumaises, les fables de la Fontaine, la cr\u00e9ation du spectacle,&#8230; sont quelques exemples de th\u00e8me propos\u00e9. Les stages se d\u00e9roulent au &#8220;P&#8217;tit Th\u00e9\u00e2tre&#8221; \u00e0 Ethe dans des conditions et un cadre professionnelles.<br><br>L&#8217;ASBL, via son professeur, participe \u00e0 la cr\u00e9ation ou \u00e0 la mise en sc\u00e8ne de spectacles m\u00eame en musique. En fonction de votre demande, on peut vous \u00e9crire un texte ou en prendre un existant, le mettre en sc\u00e8ne, cr\u00e9er les lumi\u00e8res, le son, organiser la pr\u00e9sentation de celui-ci dans des conditions professionnelles. <br><br>On peut \u00e9galement passer dans les \u00e9coles, des institutions, des groupements pour organiser des ateliers avec les enfants, pr\u00e9voir une visite d&#8217;une salle de spectacle, d\u00e9couvrir l&#8217;envers du d\u00e9cor, la technique, le maquillage,&#8230; en fonction de vos besoins.<br><br>L&#8217;organisation d&#8217;ateliers anim\u00e9s par des professionnels dans leur domaine. Ecriture, confiance en soi, maquillage, techniques d&#8217;improvisation, la lumi\u00e8re, le son, les marionnettes,&#8230; Autant de th\u00e8mes \u00e0 travailler dans la bonne humeur et une ambiance chaleureuse. Si vous avez besoin pour quelques heures de quelqu&#8217;un pour travailler un texte pour l&#8217;\u00e9cole, un travail de mime, le travail d&#8217;un po\u00e8me, n&#8217;h\u00e9sitez pas \u00e0 faire la demande.<br><br>Et enfin, l&#8217;ASBL OSE travaille avec des partenaires culturels comme &#8220;Le Pt&#8217;it th\u00e9\u00e2tre entre Nous&#8221; <a href=\"http:\/\/www.petittheatre.be\" data-type=\"link\" data-id=\"www.petittheatre.be\">www.petittheatre.be<\/a> \u00e0 Ethe ou &#8220;Madlae Welch Arts ASBL \u00e0 Hondelange.&#8221;<br><br><br><br><br><\/p>\n","protected":false},"excerpt":{"rendered":"<p>L&#8217;asbl OSE a vu le jour le 10 f\u00e9vrier 2022. D&#8217;abord situ\u00e9 \u00e0 Ethe, l&#8217;ASBL OSE a d\u00e9m\u00e9nag\u00e9 \u00e0 Virton dans la Grand rue. Le but de cette ASBL est de promouvoir le th\u00e9\u00e2tre dans la r\u00e9gion \u00e0 travers l&#8217;organisation de cours, de stages, d&#8217;ateliers dans les \u00e9coles et de spectacles.Mais pourquoi &#8220;OSE&#8221;? La plus [&hellip;]<\/p>\n","protected":false},"author":1,"featured_media":0,"parent":0,"menu_order":0,"comment_status":"closed","ping_status":"closed","template":"","meta":{"footnotes":""},"class_list":["post-10","page","type-page","status-publish","hentry"],"_links":{"self":[{"href":"https:\/\/asblose.be\/index.php?rest_route=\/wp\/v2\/pages\/10","targetHints":{"allow":["GET"]}}],"collection":[{"href":"https:\/\/asblose.be\/index.php?rest_route=\/wp\/v2\/pages"}],"about":[{"href":"https:\/\/asblose.be\/index.php?rest_route=\/wp\/v2\/types\/page"}],"author":[{"embeddable":true,"href":"https:\/\/asblose.be\/index.php?rest_route=\/wp\/v2\/users\/1"}],"replies":[{"embeddable":true,"href":"https:\/\/asblose.be\/index.php?rest_route=%2Fwp%2Fv2%2Fcomments&post=10"}],"version-history":[{"count":10,"href":"https:\/\/asblose.be\/index.php?rest_route=\/wp\/v2\/pages\/10\/revisions"}],"predecessor-version":[{"id":132,"href":"https:\/\/asblose.be\/index.php?rest_route=\/wp\/v2\/pages\/10\/revisions\/132"}],"wp:attachment":[{"href":"https:\/\/asblose.be\/index.php?rest_route=%2Fwp%2Fv2%2Fmedia&parent=10"}],"curies":[{"name":"wp","href":"https:\/\/api.w.org\/{rel}","templated":true}]}}